{"id":24252,"date":"2026-04-27T19:43:28","date_gmt":"2026-04-27T19:43:28","guid":{"rendered":"https:\/\/mundocima.com.ar\/producto\/corredera-tipo-z-metalica-550-mm-55-cm-oferta-bl-mundo-cima-blanco\/"},"modified":"2026-04-27T19:43:28","modified_gmt":"2026-04-27T19:43:28","slug":"corredera-tipo-z-metalica-550-mm-55-cm-oferta-bl-mundo-cima-blanco","status":"publish","type":"product","link":"https:\/\/mundocima.com.ar\/en\/product\/corredera-tipo-z-metalica-550-mm-55-cm-oferta-bl-mundo-cima-blanco\/","title":{"rendered":"Corredera Tipo Z Met\u00e1lica 550 Mm 55 Cm Oferta Bl Mundo Cima Blanco"},"content":{"rendered":"<p>*** OFERTA CORREDERA TIPO Z PARA CAJ\u00d3N ***<\/p>\n<p>Oferta promocional con precio \u00fanico hasta agotar disponibilidad , Contamos con disponibilidad de diferentes medidas en oferta consultar<\/p>\n<p>C\u00f3digo:10100305501<\/p>\n<p>Marca: Cima<br \/>\nMedida: 550 mm<br \/>\nColor: Blanco<br \/>\nExtensi\u00f3n: parcial<br \/>\nAlta estabilidad lateral<br \/>\nMaterial: Chapa<br \/>\nAlta estabilidad lateral mediante gu\u00eda forzada en el lado derecho<br \/>\nCompensaci\u00f3n de tolerancias +\/- 0,5 mm en el lado izquierdo<br \/>\n La forma especial del perfil del cuerpo evita el rozamiento eventual de los rodillos en las cabezas de los tornillos salientes<br \/>\nRecubrimiento epoxi,<br \/>\nCapacidad de carga: 20 kg,<br \/>\n&#8211; Precio por par (1 caj\u00f3n)<\/p>\n<p>&#8212;&#8212;&#8212;&#8212;&#8212;&#8212;&#8212;&#8212;&#8212;&#8212;&#8212;&#8212;&#8212;&#8212;&#8212;&#8212;&#8212;&#8212;<br \/>\n\u00a1Somos l\u00edderes en distribuci\u00f3n! Ofrecemos la mayor variedad y los precios m\u00e1s competitivos. Nos enfocamos en tu satisfacci\u00f3n y en que te sientas como en casa.<\/p>\n<p>Consegu\u00ed este y otros productos para tu hogar en nuestra p\u00e1gina: https:\/\/www.mercadolibre.com.ar\/tienda\/mundo-cima<br \/>\n&#8212;&#8212;&#8212;&#8212;&#8212;&#8212;&#8212;&#8212;&#8212;&#8212;&#8212;&#8212;&#8212;&#8212;&#8212;&#8212;&#8212;&#8212;<\/p>\n<p>RETIROS entre las 24 a 48 hs. despu\u00e9s de realizada la compra (coordinando previamente con el vendedor):<br \/>\n_____________________<br \/>\n** STOCK DISPONIBLE EN CASA CENTRAL MORON: Lunes a Viernes de 8:00 a 17:30 hs y S\u00e1bados de 9:00 a 13:00 hs. **<br \/>\n\u00af\u00af\u00af\u00af\u00af\u00af\u00af\u00af\u00af\u00af\u00af\u00af\u00af\u00af\u00af\u00af\u00af\u00af\u00af\u00af\u00af\u00af\u00af\u00af\u00af\u00af\u00af\u00af\u00af\u00af\u00af\u00af\u00af\u00af\u00af\u00af\u00af\u00af\u00af\u00af\u00af\u00af\u00af\u00af\u00af\u00af\u00af\u00af\u00af\u00af\u00af\u00af\u00af\u00af\u00af\u00af\u00af\u00af\u00af\u00af\u00af\u00af\u00af\u00af\u00af\u00af\u00af\u00af\u00af\u00af\u00af\u00af\u00af\u00af\u00af\u00af\u00af\u00af\u00af\u00af<\/p>\n<p>&#8211; Sucursal CABA: Lunes a Viernes de 9:15 a 17:15 hs.<br \/>\n&#8211; Sucursal Florida: Lunes a Viernes de 8:30 a 17:30 hs. y S\u00e1bados de 9:30 a 13:00 hs.<\/p>\n<p>DESPACHOS:<br \/>\n-En el d\u00eda: Mediante moto mensajer\u00eda a Capital y Gran Buenos Aires. (comprando antes de las 15:00 hs.)<br \/>\n-Correo: A todo el pa\u00eds. \u00danicamente si la publicaci\u00f3n tiene Mercado Env\u00edos. IMPORTANTE: Env\u00edos por correo: Si el producto supera la altura de 1,5 mts. deber\u00e1 ser cortado a esa medida ya que es lo m\u00e1ximo aceptado por el correo.<br \/>\n-Env\u00edos a todo el pa\u00eds por transporte o expreso. No cobramos embalaje ni flete, costo de env\u00edo a cargo del comprador.<br \/>\n-Hacemos factura &#8220;A&#8221; o &#8220;B&#8221;.<\/p>\n<p>Los esperamos nuevamente Mundo CIMA<\/p>","protected":false},"excerpt":{"rendered":"<p>*** OFERTA CORREDERA TIPO Z PARA CAJ\u00d3N *** Oferta promocional con precio \u00fanico hasta agotar disponibilidad , Contamos con disponibilidad de diferentes medidas en oferta consultar C\u00f3digo:10100305501 Marca: Cima Medida: 550 mm Color: Blanco Extensi\u00f3n: parcial Alta estabilidad lateral Material: Chapa Alta estabilidad lateral mediante gu\u00eda forzada en el lado derecho Compensaci\u00f3n de tolerancias +\/- [&hellip;]<\/p>\n","protected":false},"featured_media":26224,"comment_status":"open","ping_status":"closed","template":"","meta":[],"product_brand":[],"product_cat":[39],"product_tag":[],"class_list":{"0":"post-24252","1":"product","2":"type-product","3":"status-publish","4":"has-post-thumbnail","6":"product_cat-guias-para-cajon","8":"first","9":"instock","10":"shipping-taxable","11":"purchasable","12":"product-type-simple"},"_links":{"self":[{"href":"https:\/\/mundocima.com.ar\/en\/wp-json\/wp\/v2\/product\/24252","targetHints":{"allow":["GET"]}}],"collection":[{"href":"https:\/\/mundocima.com.ar\/en\/wp-json\/wp\/v2\/product"}],"about":[{"href":"https:\/\/mundocima.com.ar\/en\/wp-json\/wp\/v2\/types\/product"}],"replies":[{"embeddable":true,"href":"https:\/\/mundocima.com.ar\/en\/wp-json\/wp\/v2\/comments?post=24252"}],"wp:featuredmedia":[{"embeddable":true,"href":"https:\/\/mundocima.com.ar\/en\/wp-json\/wp\/v2\/media\/26224"}],"wp:attachment":[{"href":"https:\/\/mundocima.com.ar\/en\/wp-json\/wp\/v2\/media?parent=24252"}],"wp:term":[{"taxonomy":"product_brand","embeddable":true,"href":"https:\/\/mundocima.com.ar\/en\/wp-json\/wp\/v2\/product_brand?post=24252"},{"taxonomy":"product_cat","embeddable":true,"href":"https:\/\/mundocima.com.ar\/en\/wp-json\/wp\/v2\/product_cat?post=24252"},{"taxonomy":"product_tag","embeddable":true,"href":"https:\/\/mundocima.com.ar\/en\/wp-json\/wp\/v2\/product_tag?post=24252"}],"curies":[{"name":"wp","href":"https:\/\/api.w.org\/{rel}","templated":true}]}}