{"id":26921,"date":"2026-04-28T22:36:22","date_gmt":"2026-04-28T22:36:22","guid":{"rendered":"https:\/\/mundocima.com.ar\/producto\/plantilla-guia-union-de-madera-angulo-mini-carpinteria-kreg\/"},"modified":"2026-04-29T00:51:47","modified_gmt":"2026-04-29T00:51:47","slug":"plantilla-guia-union-de-madera-angulo-mini-carpinteria-kreg","status":"publish","type":"product","link":"https:\/\/mundocima.com.ar\/en\/product\/plantilla-guia-union-de-madera-angulo-mini-carpinteria-kreg\/","title":{"rendered":"Plantilla Gu\u00eda Uni\u00f3n De Madera Angulo Mini Carpinter\u00eda Kreg"},"content":{"rendered":"","protected":false},"excerpt":{"rendered":"","protected":false},"featured_media":26922,"comment_status":"open","ping_status":"closed","template":"","meta":[],"product_brand":[],"product_cat":[51],"product_tag":[],"class_list":{"0":"post-26921","1":"product","2":"type-product","3":"status-publish","4":"has-post-thumbnail","6":"product_cat-herramientas","8":"first","9":"instock","10":"shipping-taxable","11":"purchasable","12":"product-type-simple"},"_links":{"self":[{"href":"https:\/\/mundocima.com.ar\/en\/wp-json\/wp\/v2\/product\/26921","targetHints":{"allow":["GET"]}}],"collection":[{"href":"https:\/\/mundocima.com.ar\/en\/wp-json\/wp\/v2\/product"}],"about":[{"href":"https:\/\/mundocima.com.ar\/en\/wp-json\/wp\/v2\/types\/product"}],"replies":[{"embeddable":true,"href":"https:\/\/mundocima.com.ar\/en\/wp-json\/wp\/v2\/comments?post=26921"}],"wp:featuredmedia":[{"embeddable":true,"href":"https:\/\/mundocima.com.ar\/en\/wp-json\/wp\/v2\/media\/26922"}],"wp:attachment":[{"href":"https:\/\/mundocima.com.ar\/en\/wp-json\/wp\/v2\/media?parent=26921"}],"wp:term":[{"taxonomy":"product_brand","embeddable":true,"href":"https:\/\/mundocima.com.ar\/en\/wp-json\/wp\/v2\/product_brand?post=26921"},{"taxonomy":"product_cat","embeddable":true,"href":"https:\/\/mundocima.com.ar\/en\/wp-json\/wp\/v2\/product_cat?post=26921"},{"taxonomy":"product_tag","embeddable":true,"href":"https:\/\/mundocima.com.ar\/en\/wp-json\/wp\/v2\/product_tag?post=26921"}],"curies":[{"name":"wp","href":"https:\/\/api.w.org\/{rel}","templated":true}]}}